{"id":78,"date":"2022-12-14T11:23:14","date_gmt":"2022-12-14T15:23:14","guid":{"rendered":"http:\/\/wordpress.test\/?page_id=78"},"modified":"2024-03-08T14:27:18","modified_gmt":"2024-03-08T18:27:18","slug":"leyes-gacetas-y-decretos","status":"publish","type":"page","link":"https:\/\/sarep.gob.ve\/index.php\/leyes-gacetas-y-decretos\/","title":{"rendered":"Leyes, gacetas y decretos"},"content":{"rendered":"<p>A continuaci\u00f3n se listan una serie de recursos que pueden ser descargados libremente. Se incluyen leyes, gacetas, decretos, documentos, presentaciones y cualesquiera otros materiales digitales que pudieran serle \u00fatiles al p\u00fablico.<\/p>\n<div>\n<div class=\"DlnInfo\"><a title=\"Ley Tributaria del Estado Portuguesa\" href=\"https:\/\/sarep.gob.ve\/dln\/gacetas\/ley_tributaria_del_estado_portuguesa_2024.pdf\" target=\"_blank\" rel=\"noopener noreferrer\" download=\"\"><strong>Gaceta 649 &#8211; Nueva Ley Tributaria del Estado Portuguesa<\/strong><\/a><\/div>\n<div class=\"FileInfo\">Descripci\u00f3n: <strong>Ley Tributaria del Estado Portuguesa.<\/strong><br \/>\nArchivo: <strong>ley_tributaria_del_estado_portuguesa_2024.pdf<\/strong> | Tama\u00f1o: <strong>464 KB<\/strong> | Publicada el: <strong>06\/03\/2024<\/strong><\/div>\n<p>&nbsp;<\/p>\n<div class=\"DlnInfo\"><a title=\"Gaceta n\u00famero 287 Extraordinario, fecha 15 de mayo de 2023\" href=\"https:\/\/sarep.gob.ve\/dln\/gacetas\/gaceta_extraordinario_287.pdf\" target=\"_blank\" rel=\"noopener noreferrer\" download=\"\"><strong>Gaceta n\u00famero 287 Extraordinario, fecha 15 de mayo de 2023<\/strong><\/a><\/div>\n<div class=\"FileInfo\">Descripci\u00f3n: <strong>Se ajusta el valor de la Unidad Tributaria Estadal (U.T.E) 0,008 mil\u00e9simas del valor de la Criptomoneda Petro.<\/strong><br \/>\nArchivo: <strong>gaceta_extraordinario_287.pdf<\/strong> | Tama\u00f1o: <strong>2.303KB<\/strong> | Publicada el: <strong>17\/05\/2023<\/strong><\/div>\n<p>&nbsp;<\/p>\n<div class=\"DlnInfo\"><a title=\"Gaceta n\u00famero 65 Extraordinario, fecha 20 de abril de 2022\" href=\"https:\/\/sarep.gob.ve\/dln\/gaceta_extraordinario_65.pdf\" target=\"_blank\" rel=\"noopener noreferrer\" download=\"\"><strong>Gaceta n\u00famero 65 Extraordinario, fecha 20 de abril de 2022<\/strong><\/a><\/div>\n<div class=\"FileInfo\">Descripci\u00f3n: <strong>Se ajusta el valor de la Unidad Tributaria Estadal (U.T.E) 0,005 mil\u00e9simas del valor de la Criptomoneda Petro.<\/strong><br \/>\nArchivo: <strong>gaceta_extraordinario_65.pdf<\/strong> | Tama\u00f1o: <strong>609KB<\/strong> | Publicada el: <strong>25\/05\/2022<\/strong><\/div>\n<p>&nbsp;<\/p>\n<div class=\"DlnInfo\"><a title=\"Reforma ley timbre fiscales a\u00f1o 2021\" href=\"https:\/\/sarep.gob.ve\/dln\/reforma_ley_TF_2021_gaceta_756A.pdf\" target=\"_blank\" rel=\"noopener noreferrer\" download=\"\"><strong>Reforma ley timbre fiscales 2021, Guanare 15 de Abril de 2021<\/strong><\/a><\/div>\n<div class=\"FileInfo\">Descripci\u00f3n: <strong>Reforma parcial de la Ley de Timbres Fiscales del Estado Portuguesa a\u00f1o 2021.<\/strong><br \/>\nArchivo: <strong>reforma_ley_TF_2021_gaceta_756A.pdf<\/strong> | Tama\u00f1o: <strong>183KB<\/strong> | Publicada el: <strong>15\/05\/2021<\/strong><\/div>\n<p>&nbsp;<\/p>\n<div class=\"DlnInfo\"><a title=\"Decreto N\u00b0 520, pago de impuesto, por la movilizaci\u00f3n de bienes desde la terminal \u201cBatalla de Araure\u201d, fecha 28 de mayo de 2020\" href=\"https:\/\/sarep.gob.ve\/dln\/decreto_520_bolipuerto.pdf\" target=\"_blank\" rel=\"noopener noreferrer\" download=\"\"><strong>Decreto n\u00famero 520,fecha 28 de mayo de 2020<\/strong><\/a><\/div>\n<div class=\"FileInfo\">Descripci\u00f3n: <strong>Pago de impuesto, por la movilizaci\u00f3n de bienes desde la terminal \u201cBatalla de Araure\u201d.<\/strong><br \/>\nArchivo: <strong>decreto_520_bolipuerto.pdf<\/strong> | Tama\u00f1o: <strong>359KB<\/strong> | Publicada el: <strong>28\/05\/2020<\/strong><\/div>\n<p>&nbsp;<\/p>\n<div class=\"DlnInfo\"><a title=\"Decreto N\u00ba. 519, se ajusta el valor de la Unidad Tributaria Estadal (U.T.E), a Una Mil\u00e9sima del valor actual del Petro (0,001 PTR), fecha 28 de mayo de 2020\" href=\"https:\/\/sarep.gob.ve\/dln\/decreto_519_valor_de_la_unidad_tributaria.pdf\" target=\"_blank\" rel=\"noopener noreferrer\" download=\"\"><strong>Decreto n\u00famero 519,fecha 28 de mayo de 2020<\/strong><\/a><\/div>\n<div class=\"FileInfo\">Descripci\u00f3n: <strong>Se fija el valor de la Unidad Tributaria Estadal (U.T.E) en Una Mil\u00e9sima del valor actual del Petro (0,001 PTR).<\/strong><br \/>\nArchivo: <strong>decreto_519_valor_de_la_unidad_tributaria.pdf<\/strong> | Tama\u00f1o: <strong>349KB<\/strong> | Publicada el: <strong>28\/05\/2020<\/strong><\/div>\n<p>&nbsp;<\/p>\n<div class=\"DlnInfo\"><a title=\"Decreto 422 Extraordinaria, Gaceta 525 de fecha 12 de septiembre de 2019\" href=\"https:\/\/sarep.gob.ve\/dln\/decreto_extraordinario_422_gaceta_525.pdf\" target=\"_blank\" rel=\"noopener noreferrer\" download=\"\"><strong>Decreto n\u00famero 422 Extraordinario, Gaceta 525 fecha 12 de septiembre de 2019<\/strong><\/a><\/div>\n<div class=\"FileInfo\">Descripci\u00f3n: <strong>Se fija el valor de la Unidad Tributaria Estadal (U.T.E) en CINCUETA BOL\u00cdVARES SIN C\u00c9NTIMOS (Bs. 50,00).<\/strong><br \/>\nArchivo: <strong>decreto_extraordinario_422_gaceta_525.pdf<\/strong> | Tama\u00f1o: <strong>749KB<\/strong> | Publicada el: <strong>12\/09\/2019<\/strong><\/div>\n<p>&nbsp;<\/p>\n<div class=\"DlnInfo\"><a title=\"Gaceta 449 Extraordinaria, fecha 30 de mayo de 2019\" href=\"https:\/\/sarep.gob.ve\/dln\/decreto-449-extraordinario.pdf\" target=\"_blank\" rel=\"noopener noreferrer\" download=\"\"><strong>Gaceta n\u00famero 449 Extraordinario, fecha 30 de mayo de 2019<\/strong><\/a><\/div>\n<div class=\"FileInfo\">Descripci\u00f3n: <strong>Reforma parcial de la Ley de Timbres Fiscales del Estado Portuguesa.<\/strong><br \/>\nArchivo: <strong>decreto-449-extraordinario.pdf<\/strong> | Tama\u00f1o: <strong>7.9MB<\/strong> | Publicada el: <strong>18\/06\/2019<\/strong><\/div>\n<p>&nbsp;<\/p>\n<div class=\"DlnInfo\"><a title=\"Reforma Minerales No Met\u00e1licos 257-A, fecha 01 de agosto de 2018\" href=\"https:\/\/sarep.gob.ve\/dln\/reforma_minerales_no_metalicos_225-A.pdf\" target=\"_blank\" rel=\"noopener noreferrer\" download=\"\"><strong>Gaceta n\u00famero 257-a Extraordinario, fecha 01 de agosto de 2018<\/strong><\/a><\/div>\n<div class=\"FileInfo\">Descripci\u00f3n: <strong>Reforma del Decreto de Normas Especiales sobre regulaci\u00f3n de las actividades Mineras de Minerales No Met\u00e1licos en el estado Portuguesa.<\/strong><br \/>\nArchivo: <strong>reforma_minerales_no_metalicos_225-A.pdf<\/strong> | Tama\u00f1o: <strong>4.5MB<\/strong> | Publicada el: <strong>09\/05\/2019<\/strong><\/div>\n<p>&nbsp;<\/p>\n<div class=\"DlnInfo\"><a title=\"Gaceta n\u00famero 375 Extraordinaria, fecha 15 de enero de 2019\" href=\"https:\/\/sarep.gob.ve\/dln\/gaceta_375_Extraordinaria.pdf\" target=\"_blank\" rel=\"noopener noreferrer\" download=\"\"><strong>Gaceta n\u00famero 375 Extraordinario, fecha 15 de enero de 2019<\/strong><\/a><\/div>\n<div class=\"FileInfo\">Descripci\u00f3n: <strong>Se fija el valor de la Unidad Tributaria Estadal (U.T.E) en DIECISIETE BOL\u00cdVARES SIN C\u00c9NTIMOS (Bs. 17,00)<\/strong><br \/>\nArchivo: <strong>gaceta_375_Extraordinaria.pdf<\/strong> | Tama\u00f1o: <strong>160KB<\/strong> | Publicada el: <strong>20\/02\/2019<\/strong><\/div>\n<p>&nbsp;<\/p>\n<div class=\"DlnInfo\"><a title=\"Reforma ley timbre fiscales 2018, gaceta 358 Extraordinaria\" href=\"https:\/\/sarep.gob.ve\/dln\/reforma_ley_TFE_2018_gaceta_358_Extraordinaria.pdf\" target=\"_blank\" rel=\"noopener noreferrer\" download=\"\"><strong> Reforma ley timbre fiscales 2018, gaceta 358 Extraordinaria, Guanare 21 de diciembre de 2018<\/strong><\/a><\/div>\n<div class=\"FileInfo\">Descripci\u00f3n: <strong>Reforma parcial de la Ley de Timbres Fiscales del Estado Portuguesa 2018.<\/strong><br \/>\nArchivo: <strong> reforma_ley_TFE_2018_gaceta_358_Extraordinaria.pdf<\/strong> | Tama\u00f1o: <strong>6MB<\/strong> | Publicada el: <strong>21\/12\/2018<\/strong><\/div>\n<p>&nbsp;<\/p>\n<div class=\"DlnInfo\"><a title=\"Gaceta n\u00famero 307, fecha 23 de octubre de 2018\" href=\"https:\/\/sarep.gob.ve\/dln\/gaceta_307.pdf\" target=\"_blank\" rel=\"noopener noreferrer\" download=\"\"><strong>Gaceta n\u00famero 307 de exoneraci\u00f3n, fecha 23 de octubre de 2018<\/strong><\/a><\/div>\n<div class=\"FileInfo\">Descripci\u00f3n: <strong>Reforma de ley de timbres fiscales del Estado Portuguesa<\/strong><br \/>\nArchivo: <strong>gaceta_307.pdf<\/strong> | Tama\u00f1o: <strong>5820KB<\/strong> | Publicada el: <strong>23\/10\/2018<\/strong><\/div>\n<p>&nbsp;<\/p>\n<div class=\"DlnInfo\"><a title=\"Reforma ley de timbres fiscales 2017 gaceta 446.pdf\" href=\"https:\/\/sarep.gob.ve\/dln\/reforma_ley_de_ timbres_fiscales_2017_gaceta_446.pdf\" target=\"_blank\" rel=\"noopener noreferrer\" download=\"\"><strong>Reforma ley de timbres fiscales 2017 gaceta 446, Guanare 02 de enero de 2017<\/strong><\/a><\/div>\n<div class=\"FileInfo\">Descripci\u00f3n: <strong>Reforma parcial de la Ley de Timbres Fiscales del Estado Portuguesa 2017.<\/strong><br \/>\nArchivo: <strong>reforma_ley_de_ timbres_fiscales_2017_gaceta_446.pdf<\/strong> | Tama\u00f1o: <strong>236kb<\/strong> | Publicada el: <strong>03\/02\/2017<\/strong><\/div>\n<p>&nbsp;<\/p>\n<div class=\"DlnInfo\"><a title=\"Gaceta Oficial del estado Portuguesa N\u00b0278 Extraordinario de fecha 31-12-2013.pdf\" href=\"https:\/\/sarep.gob.ve\/dln\/06. Gaceta Oficial del estado Portuguesa N\u00b0278 Extraordinario de fecha 31-12-2013.pdf\" target=\"_blank\" rel=\"noopener noreferrer\" download=\"\"><strong>Gaceta Oficial del estado Portuguesa N\u00ba 278 Extraordinario, de fecha 31\/12\/2013<\/strong><\/a><\/div>\n<div class=\"FileInfo\">Descripci\u00f3n: <strong>Se reforma la Ley de Timbres Fiscales del Estado Portuguesa.<\/strong><br \/>\nArchivo: <strong>Gaceta Oficial del estado Portuguesa N\u00b0278 Extraordinario de fecha 31-12-2013.pdf<\/strong> | Tama\u00f1o: <strong>11.410kb<\/strong> | Publicada el: <strong>31\/12\/2013<\/strong><\/div>\n<p>&nbsp;<\/p>\n<div class=\"DlnInfo\"><a title=\"Decreto N\u00ba 386, publicado en Gaceta Oficial N\u00ba 120 Extraordinario del 02-08-2010.pdf\" href=\"https:\/\/sarep.gob.ve\/dln\/05. Decreto N\u00ba 386, publicado en Gaceta Oficial N\u00ba 120 Extraordinario del 02-08-2010.pdf\" target=\"_blank\" rel=\"noopener noreferrer\" download=\"\"><strong>Decreto N\u00ba 386, publicado en Gaceta Oficial N\u00ba 120 Extraordinario del 02-08-2010<\/strong><\/a><\/div>\n<div class=\"FileInfo\">Descripci\u00f3n: <strong>Reforma Parcial del Decreto de Creaci\u00f3n y Regulaci\u00f3n del Servicio Aut\u00f3nomo de Rentas del Estado Portuguesa \u201cSAREP\u201d.<\/strong><br \/>\nArchivo: <strong>Decreto N\u00ba 386, publicado en Gaceta Oficial N\u00ba 120 Extraordinario del 02-08-2010<\/strong> | Tama\u00f1o: <strong>5.054kb<\/strong> | Publicada el: <strong>02\/08\/2010<\/strong><\/div>\n<p>&nbsp;<\/p>\n<div class=\"DlnInfo\"><a title=\"Gaceta Oficial del estado Portuguesa N\u00ba 131 Extraordinario del 23-12-2010.pdf\" href=\"https:\/\/sarep.gob.ve\/dln\/04. Gaceta Oficial del estado Portuguesa N\u00ba 131 Extraordinario del 23-12-2010.pdf\" target=\"_blank\" rel=\"noopener noreferrer\" download=\"\"><strong>Gaceta Oficial del estado Portuguesa N\u00ba 131 Extraordinario del 23-12-2010<\/strong><\/a><\/div>\n<div class=\"FileInfo\">Descripci\u00f3n: <strong>Se reforma la Ley de Timbres Fiscales del Estado Portuguesa.<\/strong><br \/>\nArchivo: <strong>Gaceta Oficial del estado Portuguesa N\u00ba 131 Extraordinario del 23-12-2010<\/strong> | Tama\u00f1o: <strong>8.767kb<\/strong> | Publicada el: <strong>23\/12\/2010<\/strong><\/div>\n<p>&nbsp;<\/p>\n<div class=\"DlnInfo\"><a title=\"Decreto No. 1495 de fecha 28-12-2006.pdf\" href=\"https:\/\/sarep.gob.ve\/dln\/03. Decreto No. 1495 de fecha 28-12-2006.pdf\" target=\"_blank\" rel=\"noopener noreferrer\" download=\"\"><strong>Decreto No. 1495 de fecha 28-12-2006<\/strong><\/a><\/div>\n<div class=\"FileInfo\">Descripci\u00f3n: <strong>Mediante el cual se reestructura el Servicio Aut\u00f3nomo de Rentas del Estado Portuguesa (SAREP).<\/strong><br \/>\nArchivo: <strong>Decreto No. 1495 de fecha 28-12-2006<\/strong> | Tama\u00f1o: <strong>4.874kb<\/strong> | Publicada el: <strong>28\/12\/2006<\/strong><\/div>\n<p>&nbsp;<\/p>\n<div class=\"DlnInfo\"><a title=\"Decreto No. 1077-A de fecha 13-02-2006.pdf\" href=\"https:\/\/sarep.gob.ve\/dln\/02. Decreto No. 1077-A de fecha 13-02-2006.pdf\" target=\"_blank\" rel=\"noopener noreferrer\" download=\"\"><strong>Decreto No. 1077-A de fecha 13-02-2006<\/strong><\/a><\/div>\n<div class=\"FileInfo\">Descripci\u00f3n: <strong>Mediante el cual se crea el Servicio Aut\u00f3nomo de Rentas del Estado Portuguesa (SAREP), sin personalidad jur\u00eddica y con la finalidad de recaudar, liquidar y administrar los recursos de car\u00e1cter fiscal que son patrimonio del Estado Portuguesa.<\/strong><br \/>\nArchivo: <strong>Decreto No. 1077-A de fecha 13-02-2006.pdf<\/strong> | Tama\u00f1o: <strong>1.128kb<\/strong> | Publicada el: <strong>13\/02\/2006<\/strong><\/div>\n<p>&nbsp;<\/p>\n<div class=\"DlnInfo\"><a title=\"Gaceta Oficial No. 331 Extraordinaria, fecha 09-02-2006.pdf\" href=\"https:\/\/sarep.gob.ve\/dln\/01. Gaceta Oficial No. 331 Extraordinaria, fecha 09-02-2006.pdf\" target=\"_blank\" rel=\"noopener noreferrer\" download=\"\"><strong>Gaceta Oficial No. 331 Extraordinaria, fecha 09-02-2006<\/strong><\/a><\/div>\n<div class=\"FileInfo\">Descripci\u00f3n: <strong>Se crea la Ley de Timbres Fiscales del estado Portuguesa; la cual establece la potestad de crear el Servicio Aut\u00f3nomo de Rentas del Estado Portuguesa (SAREP).<\/strong><br \/>\nArchivo: <strong>Gaceta Oficial No. 331 Extraordinaria, fecha 09-02-2006.pdf<\/strong> | Tama\u00f1o: <strong>7.833kb<\/strong> | Publicada el: <strong>09\/02\/2006<\/strong><\/div>\n<div class=\"pvc_clear\"><\/div>\n<p id=\"pvc_stats_78\" class=\"pvc_stats all  \" data-element-id=\"78\" style=\"\"><i class=\"pvc-stats-icon medium\" aria-hidden=\"true\"><svg aria-hidden=\"true\" focusable=\"false\" data-prefix=\"far\" data-icon=\"chart-bar\" role=\"img\" xmlns=\"http:\/\/www.w3.org\/2000\/svg\" viewBox=\"0 0 512 512\" class=\"svg-inline--fa fa-chart-bar fa-w-16 fa-2x\"><path fill=\"currentColor\" d=\"M396.8 352h22.4c6.4 0 12.8-6.4 12.8-12.8V108.8c0-6.4-6.4-12.8-12.8-12.8h-22.4c-6.4 0-12.8 6.4-12.8 12.8v230.4c0 6.4 6.4 12.8 12.8 12.8zm-192 0h22.4c6.4 0 12.8-6.4 12.8-12.8V140.8c0-6.4-6.4-12.8-12.8-12.8h-22.4c-6.4 0-12.8 6.4-12.8 12.8v198.4c0 6.4 6.4 12.8 12.8 12.8zm96 0h22.4c6.4 0 12.8-6.4 12.8-12.8V204.8c0-6.4-6.4-12.8-12.8-12.8h-22.4c-6.4 0-12.8 6.4-12.8 12.8v134.4c0 6.4 6.4 12.8 12.8 12.8zM496 400H48V80c0-8.84-7.16-16-16-16H16C7.16 64 0 71.16 0 80v336c0 17.67 14.33 32 32 32h464c8.84 0 16-7.16 16-16v-16c0-8.84-7.16-16-16-16zm-387.2-48h22.4c6.4 0 12.8-6.4 12.8-12.8v-70.4c0-6.4-6.4-12.8-12.8-12.8h-22.4c-6.4 0-12.8 6.4-12.8 12.8v70.4c0 6.4 6.4 12.8 12.8 12.8z\" class=\"\"><\/path><\/svg><\/i> <img loading=\"lazy\" decoding=\"async\" width=\"16\" height=\"16\" alt=\"Loading\" src=\"https:\/\/sarep.gob.ve\/wp-content\/plugins\/page-views-count\/ajax-loader-2x.gif\" border=0 \/><\/p>\n<div class=\"pvc_clear\"><\/div>\n","protected":false},"excerpt":{"rendered":"<p>A continuaci\u00f3n se listan una serie de recursos que pueden ser descargados libremente. Se incluyen leyes, gacetas, decretos, documentos, presentaciones y cualesquiera otros materiales digitales que pudieran serle \u00fatiles al p\u00fablico. Gaceta 649 &#8211;&#46;&#46;&#46;<\/p>\n<div class=\"pvc_clear\"><\/div>\n<p id=\"pvc_stats_78\" class=\"pvc_stats all  \" data-element-id=\"78\" style=\"\"><i class=\"pvc-stats-icon medium\" aria-hidden=\"true\"><svg aria-hidden=\"true\" focusable=\"false\" data-prefix=\"far\" data-icon=\"chart-bar\" role=\"img\" xmlns=\"http:\/\/www.w3.org\/2000\/svg\" viewBox=\"0 0 512 512\" class=\"svg-inline--fa fa-chart-bar fa-w-16 fa-2x\"><path fill=\"currentColor\" d=\"M396.8 352h22.4c6.4 0 12.8-6.4 12.8-12.8V108.8c0-6.4-6.4-12.8-12.8-12.8h-22.4c-6.4 0-12.8 6.4-12.8 12.8v230.4c0 6.4 6.4 12.8 12.8 12.8zm-192 0h22.4c6.4 0 12.8-6.4 12.8-12.8V140.8c0-6.4-6.4-12.8-12.8-12.8h-22.4c-6.4 0-12.8 6.4-12.8 12.8v198.4c0 6.4 6.4 12.8 12.8 12.8zm96 0h22.4c6.4 0 12.8-6.4 12.8-12.8V204.8c0-6.4-6.4-12.8-12.8-12.8h-22.4c-6.4 0-12.8 6.4-12.8 12.8v134.4c0 6.4 6.4 12.8 12.8 12.8zM496 400H48V80c0-8.84-7.16-16-16-16H16C7.16 64 0 71.16 0 80v336c0 17.67 14.33 32 32 32h464c8.84 0 16-7.16 16-16v-16c0-8.84-7.16-16-16-16zm-387.2-48h22.4c6.4 0 12.8-6.4 12.8-12.8v-70.4c0-6.4-6.4-12.8-12.8-12.8h-22.4c-6.4 0-12.8 6.4-12.8 12.8v70.4c0 6.4 6.4 12.8 12.8 12.8z\" class=\"\"><\/path><\/svg><\/i> <img loading=\"lazy\" decoding=\"async\" width=\"16\" height=\"16\" alt=\"Loading\" src=\"https:\/\/sarep.gob.ve\/wp-content\/plugins\/page-views-count\/ajax-loader-2x.gif\" border=0 \/><\/p>\n<div class=\"pvc_clear\"><\/div>\n","protected":false},"author":1,"featured_media":0,"parent":0,"menu_order":0,"comment_status":"closed","ping_status":"closed","template":"","meta":{"footnotes":""},"class_list":["post-78","page","type-page","status-publish","hentry"],"_links":{"self":[{"href":"https:\/\/sarep.gob.ve\/index.php\/wp-json\/wp\/v2\/pages\/78","targetHints":{"allow":["GET"]}}],"collection":[{"href":"https:\/\/sarep.gob.ve\/index.php\/wp-json\/wp\/v2\/pages"}],"about":[{"href":"https:\/\/sarep.gob.ve\/index.php\/wp-json\/wp\/v2\/types\/page"}],"author":[{"embeddable":true,"href":"https:\/\/sarep.gob.ve\/index.php\/wp-json\/wp\/v2\/users\/1"}],"replies":[{"embeddable":true,"href":"https:\/\/sarep.gob.ve\/index.php\/wp-json\/wp\/v2\/comments?post=78"}],"version-history":[{"count":5,"href":"https:\/\/sarep.gob.ve\/index.php\/wp-json\/wp\/v2\/pages\/78\/revisions"}],"predecessor-version":[{"id":724,"href":"https:\/\/sarep.gob.ve\/index.php\/wp-json\/wp\/v2\/pages\/78\/revisions\/724"}],"wp:attachment":[{"href":"https:\/\/sarep.gob.ve\/index.php\/wp-json\/wp\/v2\/media?parent=78"}],"curies":[{"name":"wp","href":"https:\/\/api.w.org\/{rel}","templated":true}]}}